{"id":113398,"date":"2025-02-18T10:21:57","date_gmt":"2025-02-18T09:21:57","guid":{"rendered":"https:\/\/www.retaildetail.be\/?page_id=113398"},"modified":"2025-07-25T16:34:18","modified_gmt":"2025-07-25T14:34:18","slug":"word-lid","status":"publish","type":"page","link":"https:\/\/www.retaildetail.be\/fr\/word-lid\/","title":{"rendered":"Rejoignez RetailDetail aujourd\u2019hui"},"content":{"rendered":"\n<div class=\"wp-block-columns youtube-container is-layout-flex wp-container-core-columns-is-layout-9d6595d7 wp-block-columns-is-layout-flex\">\n<div class=\"wp-block-column is-layout-flow wp-block-column-is-layout-flow\"><\/div>\n<\/div>\n\n\n<div class=\"promo-banner\"><h2>EXCLUSIF : 100 JOURS D'ABONNEMENT GRATUIT !<\/h2><p>\n<p><\/p>\n\n\n\n<h1 class=\"wp-block-heading\"><strong>Inscrivez-vous avant le 31\/05 pour devenir membre Gold et b\u00e9n\u00e9ficiez des 100 premiers jours gratuits !<\/strong><\/h1>\n\n\n\n<p>Souscrivez \u00e0 un abonnement Gold avant le 31-05-2026 et b\u00e9n\u00e9ficiez de 100 jours d&rsquo;acc\u00e8s gratuit \u00e0 l&rsquo;espace membres RetailDetail.<\/p>\n\n\n\n<p>Offre valable sous r\u00e9serve des conditions*.<\/p>\n\n\n\n<div class=\"wp-block-buttons is-layout-flex wp-block-buttons-is-layout-flex\">\n<div class=\"wp-block-button\"><a class=\"wp-block-button__link wp-element-button\" href=\"https:\/\/retaildetail.be\/fr\/registernow\/\"><strong>OBTENEZ <\/strong>100 JOURS <strong>D&rsquo;ABONNEMENT GRATUITS<\/strong><\/a><\/div>\n<\/div>\n\n\n\n<p><\/p>\n<\/p><p class=\"small\">* L'offre est valable uniquement pour les nouveaux membres. La p\u00e9riode gratuite commence \u00e0 compter de la date d'inscription, si celle-ci a eu lieu avant le 31 mai 2026. L'adh\u00e9sion Gold est valable pendant au moins un an apr\u00e8s la p\u00e9riode gratuite. La facture correspondante pour l'abonnement annuel est g\u00e9n\u00e9r\u00e9e automatiquement \u00e0 la fin de la p\u00e9riode gratuite. Sans r\u00e9siliation, l'adh\u00e9sion est automatiquement renouvel\u00e9e. La r\u00e9siliation est possible jusqu'\u00e0 30 jours avant la date de renouvellement.<\/p><\/div>\n\n\n\n<div class=\"wp-block-columns is-layout-flex wp-container-core-columns-is-layout-9d6595d7 wp-block-columns-is-layout-flex\">\n<div class=\"wp-block-column is-layout-flow wp-block-column-is-layout-flow\">\n<h2 class=\"wp-block-heading\">Restez inform\u00e9 \u00e0 tout moment et partout avec RetailDetail \u2013 votre porte d\u2019acc\u00e8s \u00e0 la plus grande communaut\u00e9 retail du Benelux.<\/h2>\n\n\n\n<p>En tant que membre de RetailDetail :<\/p>\n\n\n\n<ul class=\"wp-block-list\">\n<li>Lire tout le contenu Plus<\/li>\n\n\n\n<li>Revoir tous les \u00e9v\u00e9nements RetailDetail (+40 keynotes \/ an)<\/li>\n\n\n\n<li>Avez-vous une r\u00e9duction de 10 % sur les billets d&rsquo;\u00e9v\u00e9nements ?<\/li>\n<\/ul>\n\n\n\n<div class=\"wp-block-buttons is-layout-flex wp-block-buttons-is-layout-flex\">\n<div class=\"wp-block-button has-custom-font-size has-large-font-size\"><a class=\"wp-block-button__link has-vivid-red-background-color has-background wp-element-button\" href=\"https:\/\/www.retaildetail.be\/fr\/registernow\/\">DEVENEZ MEMBRE DE RETAILDETAIL<\/a><\/div>\n<\/div>\n<\/div>\n\n\n\n<div class=\"wp-block-column is-layout-flow wp-block-column-is-layout-flow\">\n<figure class=\"wp-block-image size-large\"><img loading=\"lazy\" decoding=\"async\" width=\"1024\" height=\"683\" src=\"https:\/\/www.retaildetail.be\/wp-content\/uploads\/2025\/02\/Zidis_Retail-Detail_Retail-Detail-Night_Foto-14-scaled-1-1024x683.jpg\" alt=\"\" class=\"wp-image-113226\" srcset=\"https:\/\/www.retaildetail.be\/wp-content\/uploads\/2025\/02\/Zidis_Retail-Detail_Retail-Detail-Night_Foto-14-scaled-1-1024x683.jpg 1024w, https:\/\/www.retaildetail.be\/wp-content\/uploads\/2025\/02\/Zidis_Retail-Detail_Retail-Detail-Night_Foto-14-scaled-1-300x200.jpg 300w, https:\/\/www.retaildetail.be\/wp-content\/uploads\/2025\/02\/Zidis_Retail-Detail_Retail-Detail-Night_Foto-14-scaled-1-768x512.jpg 768w, https:\/\/www.retaildetail.be\/wp-content\/uploads\/2025\/02\/Zidis_Retail-Detail_Retail-Detail-Night_Foto-14-scaled-1-1536x1024.jpg 1536w, https:\/\/www.retaildetail.be\/wp-content\/uploads\/2025\/02\/Zidis_Retail-Detail_Retail-Detail-Night_Foto-14-scaled-1-2048x1366.jpg 2048w, https:\/\/www.retaildetail.be\/wp-content\/uploads\/2025\/02\/Zidis_Retail-Detail_Retail-Detail-Night_Foto-14-scaled-1-185x122.jpg 185w\" sizes=\"auto, (max-width: 1024px) 100vw, 1024px\" \/><\/figure>\n<\/div>\n<\/div>\n\n\n\n<div style=\"height:55px\" aria-hidden=\"true\" class=\"wp-block-spacer\"><\/div>\n\n\n\n<div class=\"wp-block-columns is-layout-flex wp-container-core-columns-is-layout-9d6595d7 wp-block-columns-is-layout-flex\">\n<div class=\"wp-block-column is-layout-flow wp-block-column-is-layout-flow\" style=\"flex-basis:100%\">\n<hr class=\"wp-block-separator has-css-opacity is-style-wide dotline\"\/>\n<\/div>\n<\/div>\n\n\n\n<h2 class=\"wp-block-heading has-text-align-center\">Ces entreprises sont d\u00e9j\u00e0 membres de RetailDetail<\/h2>\n\n\n<div class=\"wp-block-image is-resized\">\n<figure class=\"aligncenter size-full\"><img decoding=\"async\" src=\"https:\/\/www.retaildetail.be\/wp-content\/uploads\/2025\/02\/logos-ledenzone.gif\" alt=\"\" class=\"wp-image-106500\"\/><\/figure>\n<\/div>\n\n\n<div class=\"wp-block-columns is-layout-flex wp-container-core-columns-is-layout-9d6595d7 wp-block-columns-is-layout-flex\">\n<div class=\"wp-block-column is-layout-flow wp-block-column-is-layout-flow\" style=\"flex-basis:100%\">\n<hr class=\"wp-block-separator has-css-opacity is-style-wide dotline\"\/>\n<\/div>\n<\/div>\n\n\n\n<h2 class=\"wp-block-heading hide-for-logged-in hide\"><div class=\"promo\"><h3>Profitez d\u00e8s maintenant de la promotion de lancement exclusive<\/h3><h2>6 mois d\u2019adh\u00e9sion gratuite \u00e0 RetailDetail<\/h2><p>Souscrivez maintenant \u00e0 <strong>une adh\u00e9sion Gold<\/strong> et profitez de <strong>6 mois d'acc\u00e8s suppl\u00e9mentaire<\/strong> \u00e0 l'espace membre de RetailDetail sans frais suppl\u00e9mentaires !<br\/><strong>Offre valable jusqu'au 31\/03\/2025 sous r\u00e9serve de conditions*.<\/strong><\/p><div class='wp-block-button rood'><a class='wp-block-button__link has-text-align-center wp-element-button' href='https:\/\/www.retaildetail.be\/fr\/\/registernow'>Obtenir 6 mois d'acc\u00e8s gratuit<\/a><\/div><p class='star'>* L'abonnement Gold est valable au minimum un an apr\u00e8s la p\u00e9riode de gratuit\u00e9. La facture correspondante \u00e0 l'abonnement annuel est automatiquement g\u00e9n\u00e9r\u00e9e \u00e0 la fin de la p\u00e9riode gratuite de six mois.<\/p><\/div><\/h2>\n\n\n\n<div style=\"height:55px\" aria-hidden=\"true\" class=\"wp-block-spacer\"><\/div>\n\n\n\n<h2 class=\"wp-block-heading has-text-align-center\"><strong>Acc\u00e9dez \u00e0 tout le contenu en illimit\u00e9 &amp; revivez tous les \u00e9v\u00e9nements RetailDetail.<\/strong><\/h2>\n\n\n\n<p class=\"has-text-align-center\">Obtenez un acc\u00e8s illimit\u00e9 \u00e0 tout le contenu et revoyez tous les \u00e9v\u00e9nements RetailDetail<\/p>\n\n\n\n<div style=\"height:60px\" aria-hidden=\"true\" class=\"wp-block-spacer\"><\/div>\n\n\n\n<div class=\"wp-block-columns roodblok has-white-color has-vivid-red-background-color has-text-color has-background is-layout-flex wp-container-core-columns-is-layout-9d6595d7 wp-block-columns-is-layout-flex\">\n<div class=\"wp-block-column is-layout-flow wp-block-column-is-layout-flow\">\n<div class=\"wp-block-columns is-layout-flex wp-container-core-columns-is-layout-9d6595d7 wp-block-columns-is-layout-flex\">\n<div class=\"wp-block-column is-layout-flow wp-block-column-is-layout-flow\" style=\"flex-basis:33.33%\"><div class=\"wp-block-image is-style-default\">\n<figure class=\"alignright size-large\"><img loading=\"lazy\" decoding=\"async\" width=\"100\" height=\"100\" src=\"https:\/\/www.retaildetail.be\/wp-content\/uploads\/2024\/05\/News.svg\" alt=\"\" class=\"wp-image-98473\"\/><\/figure>\n<\/div><\/div>\n\n\n\n<div class=\"wp-block-column is-layout-flow wp-block-column-is-layout-flow\" style=\"flex-basis:66.66%\">\n<h3 class=\"wp-block-heading\">AU QUOTIDIEN<\/h3>\n\n\n\n<p>Articles et insights approfondiss<\/p>\n<\/div>\n<\/div>\n<\/div>\n\n\n\n<div class=\"wp-block-column is-layout-flow wp-block-column-is-layout-flow\">\n<div class=\"wp-block-columns is-layout-flex wp-container-core-columns-is-layout-9d6595d7 wp-block-columns-is-layout-flex\">\n<div class=\"wp-block-column is-layout-flow wp-block-column-is-layout-flow\" style=\"flex-basis:33.33%\"><div class=\"wp-block-image is-style-default mt-2\">\n<figure class=\"alignright size-full\"><img loading=\"lazy\" decoding=\"async\" width=\"64\" height=\"64\" src=\"https:\/\/www.retaildetail.be\/wp-content\/uploads\/2025\/02\/icons8-percentage-64.png\" alt=\"\" class=\"wp-image-113240\"\/><\/figure>\n<\/div><\/div>\n\n\n\n<div class=\"wp-block-column is-layout-flow wp-block-column-is-layout-flow\" style=\"flex-basis:66.66%\">\n<h3 class=\"wp-block-heading\">R\u00c9DUCTION<\/h3>\n\n\n\n<p>R\u00e9ductions exclusives pour les membres sur les billets d\u2019\u00e9v\u00e9nements<\/p>\n<\/div>\n<\/div>\n<\/div>\n\n\n\n<div class=\"wp-block-column is-layout-flow wp-block-column-is-layout-flow\">\n<div class=\"wp-block-columns is-layout-flex wp-container-core-columns-is-layout-9d6595d7 wp-block-columns-is-layout-flex\">\n<div class=\"wp-block-column is-layout-flow wp-block-column-is-layout-flow\" style=\"flex-basis:33.33%\"><div class=\"wp-block-image is-style-default\">\n<figure class=\"alignright size-large\"><img loading=\"lazy\" decoding=\"async\" width=\"800\" height=\"800\" src=\"https:\/\/www.retaildetail.be\/wp-content\/uploads\/2025\/02\/video-camera-svgrepo-com.svg\" alt=\"\" class=\"wp-image-113238\"\/><\/figure>\n<\/div><\/div>\n\n\n\n<div class=\"wp-block-column is-layout-flow wp-block-column-is-layout-flow\" style=\"flex-basis:66.66%\">\n<h3 class=\"wp-block-heading\">REVIVEZ<\/h3>\n\n\n\n<p>Des dizaines d\u2019\u00e9v\u00e9nements RetailDetail<\/p>\n<\/div>\n<\/div>\n<\/div>\n<\/div>\n\n\n\n<div class=\"wp-block-buttons is-content-justification-center is-layout-flex wp-container-core-buttons-is-layout-16018d1d wp-block-buttons-is-layout-flex\">\n<div class=\"wp-block-button has-custom-font-size has-large-font-size\"><a class=\"wp-block-button__link has-vivid-red-background-color has-background wp-element-button\" href=\"https:\/\/www.retaildetail.be\/fr\/registernow\/\">DEVENEZ MEMBRE DE RETAILDETAIL<\/a><\/div>\n<\/div>\n\n\n\n<p class=\"has-text-align-center bigparagraph\">Le secteur du retail est confront\u00e9 \u00e0 de grands d\u00e9fis. Comment rester pr\u00eat pour l\u2019avenir en tant qu\u2019entrepreneur ou professionnel du retail et FMCG ?<br>En apprenant en continu \u2013 les uns des autres et des experts. RetailDetail est votre guide incontournable.<\/p>\n\n\n\n<p class=\"has-text-align-center bigparagraph\"><\/p>\n\n\n<div class=\"meestgekozen\">Le plus choisi<\/div><div class=\"abos\">\n                    <div class=\"abo\"><h3>ABONNEMENT<br\/>SILVER<\/h3><ul><li>Revoir +40 keynotes des \u00e9v\u00e9nements<\/li><li>10 % de r\u00e9duction sur les \u00e9v\u00e9nements<\/li><li>Lire 5 articles Plus par mois<\/li><\/ul><h3>&euro; 125 \/ an*<\/h3><\/div>\n                    <div class=\"abo abo_yellow\"><h3>ABONNEMENT<br\/>GOLD<\/h3><ul><li>Revoir +40 keynotes des \u00e9v\u00e9nements<\/li><li>10 % de r\u00e9duction sur les \u00e9v\u00e9nements<\/li><li>Lire des articles Plus en illimit\u00e9<\/li><\/ul><h3>&euro; 195 \/ an*<\/h3><\/div>\n                    <div class=\"abo\"><h3>ABONNEMENT<br\/>DIAMOND<\/h3><ul><li>Revoir +40 keynotes des \u00e9v\u00e9nements<\/li><li>10% de r\u00e9duction sur les \u00e9v\u00e9nements<\/li><li>Lire des articles Plus en illimit\u00e9<\/li><li>Acc\u00e8s gratuit \u00e0 1 \u00e9v\u00e9nement inclus**<\/li><\/ul><h3>&euro; 475 \/ an*<\/h3><\/div>\n                <\/div>\n                <div class=\"abosfooter\">* Hors TVA<br\/>** \u00c0\u00a0l'exception du RetailDetail Night et d'\u00e9v\u00e9nements organis\u00e9s par nos partenaires.<\/div>\n\n\n\n<div style=\"height:51px\" aria-hidden=\"true\" class=\"wp-block-spacer\"><\/div>\n\n\n\n<div class=\"wp-block-columns is-layout-flex wp-container-core-columns-is-layout-9d6595d7 wp-block-columns-is-layout-flex\">\n<div class=\"wp-block-column is-layout-flow wp-block-column-is-layout-flow\">\n<p class=\"has-text-align-left\"><strong>Rejoignez RetailDetail pour cr\u00e9er l\u2019avenir du shopping ensemble !<\/strong><\/p>\n\n\n\n<div style=\"height:42px\" aria-hidden=\"true\" class=\"wp-block-spacer\"><\/div>\n\n\n<div class=\"wp-block-image is-resized is-style-rounded\">\n<figure class=\"aligncenter size-full\"><img loading=\"lazy\" decoding=\"async\" width=\"800\" height=\"48\" src=\"https:\/\/www.retaildetail.be\/wp-content\/uploads\/2025\/02\/logos-ledenzone.gif\" alt=\"\" class=\"wp-image-113234\"\/><\/figure>\n<\/div>\n\n\n<div style=\"height:100px\" aria-hidden=\"true\" class=\"wp-block-spacer\"><\/div>\n\n\n\n<p class=\"has-text-align-center\">Rejoignez ces d\u00e9taillants et<\/p>\n\n\n\n<div class=\"wp-block-buttons is-content-justification-center is-layout-flex wp-container-core-buttons-is-layout-16018d1d wp-block-buttons-is-layout-flex\">\n<div class=\"wp-block-button has-custom-font-size has-large-font-size\"><a class=\"wp-block-button__link has-vivid-red-background-color has-background wp-element-button\" href=\"https:\/\/www.retaildetail.be\/fr\/registernow\/\">devenez membre<\/a><\/div>\n<\/div>\n<\/div>\n\n\n\n<div class=\"wp-block-column is-layout-flow wp-block-column-is-layout-flow\">\n<p class=\"has-text-align-left\"><strong>Als lid kan je op onderstaande voordelen rekenen<\/strong>:<\/p>\n\n\n\n<div style=\"height:40px\" aria-hidden=\"true\" class=\"wp-block-spacer\"><\/div>\n\n\n\n<ul class=\"wp-block-list checks\">\n<li>Lisez tous les articles de RetailDetail en illimit\u00e9<\/li>\n\n\n\n<li>Revivez toutes les keynotes des \u00e9v\u00e9nements RetailDetail<\/li>\n\n\n\n<li>Recevez des conseils, \u00e9tudes et insights pour les professionnels du retail et du FMCG<\/li>\n\n\n\n<li>B\u00e9n\u00e9ficiez de r\u00e9ductions exclusives sur les billets d\u2019\u00e9v\u00e9nements<\/li>\n\n\n\n<li>R\u00e9seautez avec des autres professionnels et apprenez les uns des autres lors des \u00e9v\u00e9nements RetailDetail<\/li>\n<\/ul>\n<\/div>\n<\/div>\n\n\n\n<p><\/p>\n","protected":false},"excerpt":{"rendered":"<p>Restez inform\u00e9 \u00e0 tout moment et partout avec RetailDetail \u2013 votre porte d\u2019acc\u00e8s \u00e0 la plus grande communaut\u00e9 retail du Benelux. En tant que membre de RetailDetail : Ces entreprises sont d\u00e9j\u00e0 membres de RetailDetail Acc\u00e9dez \u00e0 tout le contenu en illimit\u00e9 &amp; revivez tous les \u00e9v\u00e9nements RetailDetail. Obtenez un acc\u00e8s illimit\u00e9 \u00e0 tout le [&hellip;]<\/p>\n","protected":false},"author":24,"featured_media":0,"parent":0,"menu_order":0,"comment_status":"closed","ping_status":"closed","template":"","meta":{"_acf_changed":false,"inline_featured_image":false,"footnotes":""},"class_list":["post-113398","page","type-page","status-publish","hentry"],"acf":[],"yoast_head":"<!-- This site is optimized with the Yoast SEO plugin v27.3 - https:\/\/yoast.com\/product\/yoast-seo-wordpress\/ -->\n<title>Rejoignez RetailDetail aujourd\u2019hui - RetailDetail BE<\/title>\n<meta name=\"robots\" content=\"index, follow, max-snippet:-1, max-image-preview:large, max-video-preview:-1\" \/>\n<link rel=\"canonical\" href=\"https:\/\/www.retaildetail.be\/fr\/word-lid\/\" \/>\n<meta property=\"og:locale\" content=\"fr_FR\" \/>\n<meta property=\"og:type\" content=\"article\" \/>\n<meta property=\"og:title\" content=\"Rejoignez RetailDetail aujourd\u2019hui - RetailDetail BE\" \/>\n<meta property=\"og:description\" content=\"Restez inform\u00e9 \u00e0 tout moment et partout avec RetailDetail \u2013 votre porte d\u2019acc\u00e8s \u00e0 la plus grande communaut\u00e9 retail du Benelux. En tant que membre de RetailDetail : Ces entreprises sont d\u00e9j\u00e0 membres de RetailDetail Acc\u00e9dez \u00e0 tout le contenu en illimit\u00e9 &amp; revivez tous les \u00e9v\u00e9nements RetailDetail. Obtenez un acc\u00e8s illimit\u00e9 \u00e0 tout le [&hellip;]\" \/>\n<meta property=\"og:url\" content=\"https:\/\/www.retaildetail.be\/fr\/word-lid\/\" \/>\n<meta property=\"og:site_name\" content=\"RetailDetail BE\" \/>\n<meta property=\"article:modified_time\" content=\"2025-07-25T14:34:18+00:00\" \/>\n<meta property=\"og:image\" content=\"https:\/\/www.retaildetail.be\/wp-content\/uploads\/2025\/02\/Zidis_Retail-Detail_Retail-Detail-Night_Foto-14-scaled-1.jpg\" \/>\n\t<meta property=\"og:image:width\" content=\"2560\" \/>\n\t<meta property=\"og:image:height\" content=\"1707\" \/>\n\t<meta property=\"og:image:type\" content=\"image\/jpeg\" \/>\n<meta name=\"twitter:card\" content=\"summary_large_image\" \/>\n<meta name=\"twitter:label1\" content=\"Dur\u00e9e de lecture estim\u00e9e\" \/>\n\t<meta name=\"twitter:data1\" content=\"1 minute\" \/>\n<script type=\"application\/ld+json\" class=\"yoast-schema-graph\">{\"@context\":\"https:\\\/\\\/schema.org\",\"@graph\":[{\"@type\":\"WebPage\",\"@id\":\"https:\\\/\\\/www.retaildetail.be\\\/fr\\\/word-lid\\\/\",\"url\":\"https:\\\/\\\/www.retaildetail.be\\\/fr\\\/word-lid\\\/\",\"name\":\"Rejoignez RetailDetail aujourd\u2019hui - RetailDetail BE\",\"isPartOf\":{\"@id\":\"https:\\\/\\\/www.retaildetail.be\\\/nl\\\/#website\"},\"primaryImageOfPage\":{\"@id\":\"https:\\\/\\\/www.retaildetail.be\\\/fr\\\/word-lid\\\/#primaryimage\"},\"image\":{\"@id\":\"https:\\\/\\\/www.retaildetail.be\\\/fr\\\/word-lid\\\/#primaryimage\"},\"thumbnailUrl\":\"https:\\\/\\\/www.retaildetail.be\\\/wp-content\\\/uploads\\\/2025\\\/02\\\/Zidis_Retail-Detail_Retail-Detail-Night_Foto-14-scaled-1-1024x683.jpg\",\"datePublished\":\"2025-02-18T09:21:57+00:00\",\"dateModified\":\"2025-07-25T14:34:18+00:00\",\"breadcrumb\":{\"@id\":\"https:\\\/\\\/www.retaildetail.be\\\/fr\\\/word-lid\\\/#breadcrumb\"},\"inLanguage\":\"fr-FR\",\"potentialAction\":[{\"@type\":\"ReadAction\",\"target\":[\"https:\\\/\\\/www.retaildetail.be\\\/fr\\\/word-lid\\\/\"]}]},{\"@type\":\"ImageObject\",\"inLanguage\":\"fr-FR\",\"@id\":\"https:\\\/\\\/www.retaildetail.be\\\/fr\\\/word-lid\\\/#primaryimage\",\"url\":\"https:\\\/\\\/www.retaildetail.be\\\/wp-content\\\/uploads\\\/2025\\\/02\\\/Zidis_Retail-Detail_Retail-Detail-Night_Foto-14-scaled-1-1024x683.jpg\",\"contentUrl\":\"https:\\\/\\\/www.retaildetail.be\\\/wp-content\\\/uploads\\\/2025\\\/02\\\/Zidis_Retail-Detail_Retail-Detail-Night_Foto-14-scaled-1-1024x683.jpg\"},{\"@type\":\"BreadcrumbList\",\"@id\":\"https:\\\/\\\/www.retaildetail.be\\\/fr\\\/word-lid\\\/#breadcrumb\",\"itemListElement\":[{\"@type\":\"ListItem\",\"position\":1,\"name\":\"Home\",\"item\":\"https:\\\/\\\/www.retaildetail.be\\\/fr\\\/\"},{\"@type\":\"ListItem\",\"position\":2,\"name\":\"Rejoignez RetailDetail aujourd\u2019hui\"}]},{\"@type\":\"WebSite\",\"@id\":\"https:\\\/\\\/www.retaildetail.be\\\/nl\\\/#website\",\"url\":\"https:\\\/\\\/www.retaildetail.be\\\/nl\\\/\",\"name\":\"RetailDetail BE\",\"description\":\"News\",\"publisher\":{\"@id\":\"https:\\\/\\\/www.retaildetail.be\\\/nl\\\/#organization\"},\"potentialAction\":[{\"@type\":\"SearchAction\",\"target\":{\"@type\":\"EntryPoint\",\"urlTemplate\":\"https:\\\/\\\/www.retaildetail.be\\\/nl\\\/?s={search_term_string}\"},\"query-input\":{\"@type\":\"PropertyValueSpecification\",\"valueRequired\":true,\"valueName\":\"search_term_string\"}}],\"inLanguage\":\"fr-FR\"},{\"@type\":\"Organization\",\"@id\":\"https:\\\/\\\/www.retaildetail.be\\\/nl\\\/#organization\",\"name\":\"RetailDetail BE\",\"url\":\"https:\\\/\\\/www.retaildetail.be\\\/nl\\\/\",\"logo\":{\"@type\":\"ImageObject\",\"inLanguage\":\"fr-FR\",\"@id\":\"https:\\\/\\\/www.retaildetail.be\\\/nl\\\/#\\\/schema\\\/logo\\\/image\\\/\",\"url\":\"https:\\\/\\\/www.retaildetail.be\\\/wp-content\\\/uploads\\\/2022\\\/04\\\/logo.svg\",\"contentUrl\":\"https:\\\/\\\/www.retaildetail.be\\\/wp-content\\\/uploads\\\/2022\\\/04\\\/logo.svg\",\"width\":131,\"height\":70,\"caption\":\"RetailDetail BE\"},\"image\":{\"@id\":\"https:\\\/\\\/www.retaildetail.be\\\/nl\\\/#\\\/schema\\\/logo\\\/image\\\/\"}}]}<\/script>\n<!-- \/ Yoast SEO plugin. -->","yoast_head_json":{"title":"Rejoignez RetailDetail aujourd\u2019hui - RetailDetail BE","robots":{"index":"index","follow":"follow","max-snippet":"max-snippet:-1","max-image-preview":"max-image-preview:large","max-video-preview":"max-video-preview:-1"},"canonical":"https:\/\/www.retaildetail.be\/fr\/word-lid\/","og_locale":"fr_FR","og_type":"article","og_title":"Rejoignez RetailDetail aujourd\u2019hui - RetailDetail BE","og_description":"Restez inform\u00e9 \u00e0 tout moment et partout avec RetailDetail \u2013 votre porte d\u2019acc\u00e8s \u00e0 la plus grande communaut\u00e9 retail du Benelux. En tant que membre de RetailDetail : Ces entreprises sont d\u00e9j\u00e0 membres de RetailDetail Acc\u00e9dez \u00e0 tout le contenu en illimit\u00e9 &amp; revivez tous les \u00e9v\u00e9nements RetailDetail. Obtenez un acc\u00e8s illimit\u00e9 \u00e0 tout le [&hellip;]","og_url":"https:\/\/www.retaildetail.be\/fr\/word-lid\/","og_site_name":"RetailDetail BE","article_modified_time":"2025-07-25T14:34:18+00:00","og_image":[{"width":2560,"height":1707,"url":"https:\/\/www.retaildetail.be\/wp-content\/uploads\/2025\/02\/Zidis_Retail-Detail_Retail-Detail-Night_Foto-14-scaled-1.jpg","type":"image\/jpeg"}],"twitter_card":"summary_large_image","twitter_misc":{"Dur\u00e9e de lecture estim\u00e9e":"1 minute"},"schema":{"@context":"https:\/\/schema.org","@graph":[{"@type":"WebPage","@id":"https:\/\/www.retaildetail.be\/fr\/word-lid\/","url":"https:\/\/www.retaildetail.be\/fr\/word-lid\/","name":"Rejoignez RetailDetail aujourd\u2019hui - RetailDetail BE","isPartOf":{"@id":"https:\/\/www.retaildetail.be\/nl\/#website"},"primaryImageOfPage":{"@id":"https:\/\/www.retaildetail.be\/fr\/word-lid\/#primaryimage"},"image":{"@id":"https:\/\/www.retaildetail.be\/fr\/word-lid\/#primaryimage"},"thumbnailUrl":"https:\/\/www.retaildetail.be\/wp-content\/uploads\/2025\/02\/Zidis_Retail-Detail_Retail-Detail-Night_Foto-14-scaled-1-1024x683.jpg","datePublished":"2025-02-18T09:21:57+00:00","dateModified":"2025-07-25T14:34:18+00:00","breadcrumb":{"@id":"https:\/\/www.retaildetail.be\/fr\/word-lid\/#breadcrumb"},"inLanguage":"fr-FR","potentialAction":[{"@type":"ReadAction","target":["https:\/\/www.retaildetail.be\/fr\/word-lid\/"]}]},{"@type":"ImageObject","inLanguage":"fr-FR","@id":"https:\/\/www.retaildetail.be\/fr\/word-lid\/#primaryimage","url":"https:\/\/www.retaildetail.be\/wp-content\/uploads\/2025\/02\/Zidis_Retail-Detail_Retail-Detail-Night_Foto-14-scaled-1-1024x683.jpg","contentUrl":"https:\/\/www.retaildetail.be\/wp-content\/uploads\/2025\/02\/Zidis_Retail-Detail_Retail-Detail-Night_Foto-14-scaled-1-1024x683.jpg"},{"@type":"BreadcrumbList","@id":"https:\/\/www.retaildetail.be\/fr\/word-lid\/#breadcrumb","itemListElement":[{"@type":"ListItem","position":1,"name":"Home","item":"https:\/\/www.retaildetail.be\/fr\/"},{"@type":"ListItem","position":2,"name":"Rejoignez RetailDetail aujourd\u2019hui"}]},{"@type":"WebSite","@id":"https:\/\/www.retaildetail.be\/nl\/#website","url":"https:\/\/www.retaildetail.be\/nl\/","name":"RetailDetail BE","description":"News","publisher":{"@id":"https:\/\/www.retaildetail.be\/nl\/#organization"},"potentialAction":[{"@type":"SearchAction","target":{"@type":"EntryPoint","urlTemplate":"https:\/\/www.retaildetail.be\/nl\/?s={search_term_string}"},"query-input":{"@type":"PropertyValueSpecification","valueRequired":true,"valueName":"search_term_string"}}],"inLanguage":"fr-FR"},{"@type":"Organization","@id":"https:\/\/www.retaildetail.be\/nl\/#organization","name":"RetailDetail BE","url":"https:\/\/www.retaildetail.be\/nl\/","logo":{"@type":"ImageObject","inLanguage":"fr-FR","@id":"https:\/\/www.retaildetail.be\/nl\/#\/schema\/logo\/image\/","url":"https:\/\/www.retaildetail.be\/wp-content\/uploads\/2022\/04\/logo.svg","contentUrl":"https:\/\/www.retaildetail.be\/wp-content\/uploads\/2022\/04\/logo.svg","width":131,"height":70,"caption":"RetailDetail BE"},"image":{"@id":"https:\/\/www.retaildetail.be\/nl\/#\/schema\/logo\/image\/"}}]}},"jetpack_sharing_enabled":true,"_links":{"self":[{"href":"https:\/\/www.retaildetail.be\/fr\/wp-json\/wp\/v2\/pages\/113398","targetHints":{"allow":["GET"]}}],"collection":[{"href":"https:\/\/www.retaildetail.be\/fr\/wp-json\/wp\/v2\/pages"}],"about":[{"href":"https:\/\/www.retaildetail.be\/fr\/wp-json\/wp\/v2\/types\/page"}],"author":[{"embeddable":true,"href":"https:\/\/www.retaildetail.be\/fr\/wp-json\/wp\/v2\/users\/24"}],"replies":[{"embeddable":true,"href":"https:\/\/www.retaildetail.be\/fr\/wp-json\/wp\/v2\/comments?post=113398"}],"version-history":[{"count":7,"href":"https:\/\/www.retaildetail.be\/fr\/wp-json\/wp\/v2\/pages\/113398\/revisions"}],"predecessor-version":[{"id":123621,"href":"https:\/\/www.retaildetail.be\/fr\/wp-json\/wp\/v2\/pages\/113398\/revisions\/123621"}],"wp:attachment":[{"href":"https:\/\/www.retaildetail.be\/fr\/wp-json\/wp\/v2\/media?parent=113398"}],"curies":[{"name":"wp","href":"https:\/\/api.w.org\/{rel}","templated":true}]}}