{"id":25,"date":"2022-04-18T12:24:36","date_gmt":"2022-04-18T12:24:36","guid":{"rendered":"https:\/\/www.retaildetail.be\/?page_id=25"},"modified":"2026-01-20T12:20:57","modified_gmt":"2026-01-20T11:20:57","slug":"a-propos-de-nous","status":"publish","type":"page","link":"https:\/\/www.retaildetail.be\/fr\/a-propos-de-nous\/","title":{"rendered":"\u00c0 propos de nous"},"content":{"rendered":"\n<p class=\"has-medium-font-size\">RetailDetail est la premi\u00e8re communaut\u00e9 de vente au d\u00e9tail b2b au Benelux depuis 2008. Notre objectif est de tenir tous les professionnels du commerce de d\u00e9tail (dans le large spectre de la vente au d\u00e9tail) \u00e0 jour gr\u00e2ce \u00e0 des publications en ligne et hors ligne, des \u00e9v\u00e9nements de vente au d\u00e9tail et des chasses au d\u00e9tail inspirantes.<\/p>\n\n\n\n<div class=\"wp-block-columns is-layout-flex wp-container-core-columns-is-layout-9d6595d7 wp-block-columns-is-layout-flex\">\n<div class=\"wp-block-column is-layout-flow wp-block-column-is-layout-flow\"><div class=\"wp-block-image\">\n<figure class=\"aligncenter size-large is-resized\"><img loading=\"lazy\" decoding=\"async\" width=\"1024\" height=\"683\" src=\"https:\/\/www.retaildetail.be\/wp-content\/uploads\/2022\/05\/VDH_2345-1024x683.jpg\" alt=\"\" class=\"wp-image-57256\" style=\"width:-7px;height:-4px\" srcset=\"https:\/\/www.retaildetail.be\/wp-content\/uploads\/2022\/05\/VDH_2345-1024x683.jpg 1024w, https:\/\/www.retaildetail.be\/wp-content\/uploads\/2022\/05\/VDH_2345-300x200.jpg 300w, https:\/\/www.retaildetail.be\/wp-content\/uploads\/2022\/05\/VDH_2345-768x512.jpg 768w, https:\/\/www.retaildetail.be\/wp-content\/uploads\/2022\/05\/VDH_2345-1536x1025.jpg 1536w, https:\/\/www.retaildetail.be\/wp-content\/uploads\/2022\/05\/VDH_2345-2048x1366.jpg 2048w, https:\/\/www.retaildetail.be\/wp-content\/uploads\/2022\/05\/VDH_2345-185x122.jpg 185w\" sizes=\"auto, (max-width: 1024px) 100vw, 1024px\" \/><figcaption class=\"wp-element-caption\"><strong>Jorg Snoeck<\/strong><br>Founder<\/figcaption><\/figure>\n<\/div><\/div>\n\n\n\n<div class=\"wp-block-column is-layout-flow wp-block-column-is-layout-flow\"><div class=\"wp-block-image is-style-default\">\n<figure class=\"aligncenter size-full is-resized\"><img loading=\"lazy\" decoding=\"async\" width=\"450\" height=\"450\" src=\"https:\/\/www.retaildetail.be\/wp-content\/uploads\/2023\/01\/Walter-De-Roeck.jpg\" alt=\"\" class=\"wp-image-69860\" style=\"width:266px;height:266px\" srcset=\"https:\/\/www.retaildetail.be\/wp-content\/uploads\/2023\/01\/Walter-De-Roeck.jpg 450w, https:\/\/www.retaildetail.be\/wp-content\/uploads\/2023\/01\/Walter-De-Roeck-300x300.jpg 300w, https:\/\/www.retaildetail.be\/wp-content\/uploads\/2023\/01\/Walter-De-Roeck-150x150.jpg 150w, https:\/\/www.retaildetail.be\/wp-content\/uploads\/2023\/01\/Walter-De-Roeck-73x73.jpg 73w\" sizes=\"auto, (max-width: 450px) 100vw, 450px\" \/><figcaption class=\"wp-element-caption\"><strong>Walter De Roeck<\/strong><br>Managing Consultant<\/figcaption><\/figure>\n<\/div><\/div>\n\n\n\n<div class=\"wp-block-column is-layout-flow wp-block-column-is-layout-flow\"><div class=\"wp-block-image\">\n<figure class=\"aligncenter size-large\"><img loading=\"lazy\" decoding=\"async\" width=\"1024\" height=\"683\" src=\"https:\/\/www.retaildetail.be\/wp-content\/uploads\/2022\/05\/VDH_4330-2-1024x683.jpg\" alt=\"\" class=\"wp-image-57269\" srcset=\"https:\/\/www.retaildetail.be\/wp-content\/uploads\/2022\/05\/VDH_4330-2-1024x683.jpg 1024w, https:\/\/www.retaildetail.be\/wp-content\/uploads\/2022\/05\/VDH_4330-2-300x200.jpg 300w, https:\/\/www.retaildetail.be\/wp-content\/uploads\/2022\/05\/VDH_4330-2-768x512.jpg 768w, https:\/\/www.retaildetail.be\/wp-content\/uploads\/2022\/05\/VDH_4330-2-1536x1025.jpg 1536w, https:\/\/www.retaildetail.be\/wp-content\/uploads\/2022\/05\/VDH_4330-2-2048x1366.jpg 2048w, https:\/\/www.retaildetail.be\/wp-content\/uploads\/2022\/05\/VDH_4330-2-185x122.jpg 185w\" sizes=\"auto, (max-width: 1024px) 100vw, 1024px\" \/><figcaption class=\"wp-element-caption\"><strong>Kj\u00ebll Bries<\/strong><br>Media &amp; Event Manager<\/figcaption><\/figure>\n<\/div><\/div>\n<\/div>\n\n\n\n<div class=\"wp-block-columns is-layout-flex wp-container-core-columns-is-layout-9d6595d7 wp-block-columns-is-layout-flex\">\n<div class=\"wp-block-column is-layout-flow wp-block-column-is-layout-flow\"><div class=\"wp-block-image\">\n<figure class=\"aligncenter size-large\"><img loading=\"lazy\" decoding=\"async\" width=\"1024\" height=\"683\" src=\"https:\/\/www.retaildetail.be\/wp-content\/uploads\/2022\/05\/VDH_4371-2-1024x683.jpg\" alt=\"\" class=\"wp-image-57261\" srcset=\"https:\/\/www.retaildetail.be\/wp-content\/uploads\/2022\/05\/VDH_4371-2-1024x683.jpg 1024w, https:\/\/www.retaildetail.be\/wp-content\/uploads\/2022\/05\/VDH_4371-2-300x200.jpg 300w, https:\/\/www.retaildetail.be\/wp-content\/uploads\/2022\/05\/VDH_4371-2-768x512.jpg 768w, https:\/\/www.retaildetail.be\/wp-content\/uploads\/2022\/05\/VDH_4371-2-1536x1025.jpg 1536w, https:\/\/www.retaildetail.be\/wp-content\/uploads\/2022\/05\/VDH_4371-2-2048x1366.jpg 2048w, https:\/\/www.retaildetail.be\/wp-content\/uploads\/2022\/05\/VDH_4371-2-185x122.jpg 185w\" sizes=\"auto, (max-width: 1024px) 100vw, 1024px\" \/><figcaption class=\"wp-element-caption\"><strong>Stefan Van Rompaey<\/strong><br>Chief Editor<\/figcaption><\/figure>\n<\/div><\/div>\n\n\n\n<div class=\"wp-block-column is-layout-flow wp-block-column-is-layout-flow\"><div class=\"wp-block-image\">\n<figure class=\"aligncenter size-large\"><img loading=\"lazy\" decoding=\"async\" width=\"1024\" height=\"683\" src=\"https:\/\/www.retaildetail.be\/wp-content\/uploads\/2022\/05\/VDH_2198-Edit-2-1024x683.jpg\" alt=\"\" class=\"wp-image-57264\" srcset=\"https:\/\/www.retaildetail.be\/wp-content\/uploads\/2022\/05\/VDH_2198-Edit-2-1024x683.jpg 1024w, https:\/\/www.retaildetail.be\/wp-content\/uploads\/2022\/05\/VDH_2198-Edit-2-300x200.jpg 300w, https:\/\/www.retaildetail.be\/wp-content\/uploads\/2022\/05\/VDH_2198-Edit-2-768x512.jpg 768w, https:\/\/www.retaildetail.be\/wp-content\/uploads\/2022\/05\/VDH_2198-Edit-2-1536x1025.jpg 1536w, https:\/\/www.retaildetail.be\/wp-content\/uploads\/2022\/05\/VDH_2198-Edit-2-2048x1366.jpg 2048w, https:\/\/www.retaildetail.be\/wp-content\/uploads\/2022\/05\/VDH_2198-Edit-2-185x122.jpg 185w\" sizes=\"auto, (max-width: 1024px) 100vw, 1024px\" \/><figcaption class=\"wp-element-caption\"><strong>Pauline Neerman<\/strong><br>Editor<\/figcaption><\/figure>\n<\/div><\/div>\n\n\n\n<div class=\"wp-block-column is-layout-flow wp-block-column-is-layout-flow\"><div class=\"wp-block-image\">\n<figure class=\"aligncenter size-large\"><img loading=\"lazy\" decoding=\"async\" width=\"1024\" height=\"683\" src=\"https:\/\/www.retaildetail.be\/wp-content\/uploads\/2022\/05\/VDH_2184-1024x683.jpg\" alt=\"\" class=\"wp-image-57266\" srcset=\"https:\/\/www.retaildetail.be\/wp-content\/uploads\/2022\/05\/VDH_2184-1024x683.jpg 1024w, https:\/\/www.retaildetail.be\/wp-content\/uploads\/2022\/05\/VDH_2184-300x200.jpg 300w, https:\/\/www.retaildetail.be\/wp-content\/uploads\/2022\/05\/VDH_2184-768x512.jpg 768w, https:\/\/www.retaildetail.be\/wp-content\/uploads\/2022\/05\/VDH_2184-1536x1024.jpg 1536w, https:\/\/www.retaildetail.be\/wp-content\/uploads\/2022\/05\/VDH_2184-2048x1366.jpg 2048w, https:\/\/www.retaildetail.be\/wp-content\/uploads\/2022\/05\/VDH_2184-185x122.jpg 185w\" sizes=\"auto, (max-width: 1024px) 100vw, 1024px\" \/><figcaption class=\"wp-element-caption\"><strong>Maarten Reul<\/strong><br>Editor<\/figcaption><\/figure>\n<\/div><\/div>\n<\/div>\n","protected":false},"excerpt":{"rendered":"<p>RetailDetail est la premi\u00e8re communaut\u00e9 de vente au d\u00e9tail b2b au Benelux depuis 2008. Notre objectif est de tenir tous les professionnels du commerce de d\u00e9tail (dans le large spectre de la vente au d\u00e9tail) \u00e0 jour gr\u00e2ce \u00e0 des publications en ligne et hors ligne, des \u00e9v\u00e9nements de vente au d\u00e9tail et des chasses [&hellip;]<\/p>\n","protected":false},"author":1,"featured_media":0,"parent":0,"menu_order":0,"comment_status":"closed","ping_status":"closed","template":"","meta":{"_acf_changed":false,"inline_featured_image":false,"footnotes":""},"class_list":["post-25","page","type-page","status-publish","hentry"],"acf":[],"yoast_head":"<!-- This site is optimized with the Yoast SEO plugin v27.3 - https:\/\/yoast.com\/product\/yoast-seo-wordpress\/ -->\n<title>\u00c0 propos de nous - RetailDetail BE<\/title>\n<meta name=\"robots\" content=\"index, follow, max-snippet:-1, max-image-preview:large, max-video-preview:-1\" \/>\n<link rel=\"canonical\" href=\"https:\/\/www.retaildetail.be\/fr\/a-propos-de-nous\/\" \/>\n<meta property=\"og:locale\" content=\"fr_FR\" \/>\n<meta property=\"og:type\" content=\"article\" \/>\n<meta property=\"og:title\" content=\"\u00c0 propos de nous - RetailDetail BE\" \/>\n<meta property=\"og:description\" content=\"RetailDetail est la premi\u00e8re communaut\u00e9 de vente au d\u00e9tail b2b au Benelux depuis 2008. Notre objectif est de tenir tous les professionnels du commerce de d\u00e9tail (dans le large spectre de la vente au d\u00e9tail) \u00e0 jour gr\u00e2ce \u00e0 des publications en ligne et hors ligne, des \u00e9v\u00e9nements de vente au d\u00e9tail et des chasses [&hellip;]\" \/>\n<meta property=\"og:url\" content=\"https:\/\/www.retaildetail.be\/fr\/a-propos-de-nous\/\" \/>\n<meta property=\"og:site_name\" content=\"RetailDetail BE\" \/>\n<meta property=\"article:modified_time\" content=\"2026-01-20T11:20:57+00:00\" \/>\n<meta property=\"og:image\" content=\"https:\/\/www.retaildetail.be\/wp-content\/uploads\/2022\/05\/VDH_2345-scaled.jpg\" \/>\n\t<meta property=\"og:image:width\" content=\"2560\" \/>\n\t<meta property=\"og:image:height\" content=\"1708\" \/>\n\t<meta property=\"og:image:type\" content=\"image\/jpeg\" \/>\n<meta name=\"twitter:card\" content=\"summary_large_image\" \/>\n<meta name=\"twitter:label1\" content=\"Dur\u00e9e de lecture estim\u00e9e\" \/>\n\t<meta name=\"twitter:data1\" content=\"2 minutes\" \/>\n<script type=\"application\/ld+json\" class=\"yoast-schema-graph\">{\"@context\":\"https:\\\/\\\/schema.org\",\"@graph\":[{\"@type\":\"WebPage\",\"@id\":\"https:\\\/\\\/www.retaildetail.be\\\/fr\\\/a-propos-de-nous\\\/\",\"url\":\"https:\\\/\\\/www.retaildetail.be\\\/fr\\\/a-propos-de-nous\\\/\",\"name\":\"\u00c0 propos de nous - RetailDetail BE\",\"isPartOf\":{\"@id\":\"https:\\\/\\\/www.retaildetail.be\\\/nl\\\/#website\"},\"primaryImageOfPage\":{\"@id\":\"https:\\\/\\\/www.retaildetail.be\\\/fr\\\/a-propos-de-nous\\\/#primaryimage\"},\"image\":{\"@id\":\"https:\\\/\\\/www.retaildetail.be\\\/fr\\\/a-propos-de-nous\\\/#primaryimage\"},\"thumbnailUrl\":\"https:\\\/\\\/www.retaildetail.be\\\/wp-content\\\/uploads\\\/2022\\\/05\\\/VDH_2345-1024x683.jpg\",\"datePublished\":\"2022-04-18T12:24:36+00:00\",\"dateModified\":\"2026-01-20T11:20:57+00:00\",\"breadcrumb\":{\"@id\":\"https:\\\/\\\/www.retaildetail.be\\\/fr\\\/a-propos-de-nous\\\/#breadcrumb\"},\"inLanguage\":\"fr-FR\",\"potentialAction\":[{\"@type\":\"ReadAction\",\"target\":[\"https:\\\/\\\/www.retaildetail.be\\\/fr\\\/a-propos-de-nous\\\/\"]}]},{\"@type\":\"ImageObject\",\"inLanguage\":\"fr-FR\",\"@id\":\"https:\\\/\\\/www.retaildetail.be\\\/fr\\\/a-propos-de-nous\\\/#primaryimage\",\"url\":\"https:\\\/\\\/www.retaildetail.be\\\/wp-content\\\/uploads\\\/2022\\\/05\\\/VDH_2345-1024x683.jpg\",\"contentUrl\":\"https:\\\/\\\/www.retaildetail.be\\\/wp-content\\\/uploads\\\/2022\\\/05\\\/VDH_2345-1024x683.jpg\"},{\"@type\":\"BreadcrumbList\",\"@id\":\"https:\\\/\\\/www.retaildetail.be\\\/fr\\\/a-propos-de-nous\\\/#breadcrumb\",\"itemListElement\":[{\"@type\":\"ListItem\",\"position\":1,\"name\":\"Home\",\"item\":\"https:\\\/\\\/www.retaildetail.be\\\/fr\\\/\"},{\"@type\":\"ListItem\",\"position\":2,\"name\":\"\u00c0 propos de nous\"}]},{\"@type\":\"WebSite\",\"@id\":\"https:\\\/\\\/www.retaildetail.be\\\/nl\\\/#website\",\"url\":\"https:\\\/\\\/www.retaildetail.be\\\/nl\\\/\",\"name\":\"RetailDetail BE\",\"description\":\"News\",\"publisher\":{\"@id\":\"https:\\\/\\\/www.retaildetail.be\\\/nl\\\/#organization\"},\"potentialAction\":[{\"@type\":\"SearchAction\",\"target\":{\"@type\":\"EntryPoint\",\"urlTemplate\":\"https:\\\/\\\/www.retaildetail.be\\\/nl\\\/?s={search_term_string}\"},\"query-input\":{\"@type\":\"PropertyValueSpecification\",\"valueRequired\":true,\"valueName\":\"search_term_string\"}}],\"inLanguage\":\"fr-FR\"},{\"@type\":\"Organization\",\"@id\":\"https:\\\/\\\/www.retaildetail.be\\\/nl\\\/#organization\",\"name\":\"RetailDetail BE\",\"url\":\"https:\\\/\\\/www.retaildetail.be\\\/nl\\\/\",\"logo\":{\"@type\":\"ImageObject\",\"inLanguage\":\"fr-FR\",\"@id\":\"https:\\\/\\\/www.retaildetail.be\\\/nl\\\/#\\\/schema\\\/logo\\\/image\\\/\",\"url\":\"https:\\\/\\\/www.retaildetail.be\\\/wp-content\\\/uploads\\\/2022\\\/04\\\/logo.svg\",\"contentUrl\":\"https:\\\/\\\/www.retaildetail.be\\\/wp-content\\\/uploads\\\/2022\\\/04\\\/logo.svg\",\"width\":131,\"height\":70,\"caption\":\"RetailDetail BE\"},\"image\":{\"@id\":\"https:\\\/\\\/www.retaildetail.be\\\/nl\\\/#\\\/schema\\\/logo\\\/image\\\/\"}}]}<\/script>\n<!-- \/ Yoast SEO plugin. -->","yoast_head_json":{"title":"\u00c0 propos de nous - RetailDetail BE","robots":{"index":"index","follow":"follow","max-snippet":"max-snippet:-1","max-image-preview":"max-image-preview:large","max-video-preview":"max-video-preview:-1"},"canonical":"https:\/\/www.retaildetail.be\/fr\/a-propos-de-nous\/","og_locale":"fr_FR","og_type":"article","og_title":"\u00c0 propos de nous - RetailDetail BE","og_description":"RetailDetail est la premi\u00e8re communaut\u00e9 de vente au d\u00e9tail b2b au Benelux depuis 2008. Notre objectif est de tenir tous les professionnels du commerce de d\u00e9tail (dans le large spectre de la vente au d\u00e9tail) \u00e0 jour gr\u00e2ce \u00e0 des publications en ligne et hors ligne, des \u00e9v\u00e9nements de vente au d\u00e9tail et des chasses [&hellip;]","og_url":"https:\/\/www.retaildetail.be\/fr\/a-propos-de-nous\/","og_site_name":"RetailDetail BE","article_modified_time":"2026-01-20T11:20:57+00:00","og_image":[{"width":2560,"height":1708,"url":"https:\/\/www.retaildetail.be\/wp-content\/uploads\/2022\/05\/VDH_2345-scaled.jpg","type":"image\/jpeg"}],"twitter_card":"summary_large_image","twitter_misc":{"Dur\u00e9e de lecture estim\u00e9e":"2 minutes"},"schema":{"@context":"https:\/\/schema.org","@graph":[{"@type":"WebPage","@id":"https:\/\/www.retaildetail.be\/fr\/a-propos-de-nous\/","url":"https:\/\/www.retaildetail.be\/fr\/a-propos-de-nous\/","name":"\u00c0 propos de nous - RetailDetail BE","isPartOf":{"@id":"https:\/\/www.retaildetail.be\/nl\/#website"},"primaryImageOfPage":{"@id":"https:\/\/www.retaildetail.be\/fr\/a-propos-de-nous\/#primaryimage"},"image":{"@id":"https:\/\/www.retaildetail.be\/fr\/a-propos-de-nous\/#primaryimage"},"thumbnailUrl":"https:\/\/www.retaildetail.be\/wp-content\/uploads\/2022\/05\/VDH_2345-1024x683.jpg","datePublished":"2022-04-18T12:24:36+00:00","dateModified":"2026-01-20T11:20:57+00:00","breadcrumb":{"@id":"https:\/\/www.retaildetail.be\/fr\/a-propos-de-nous\/#breadcrumb"},"inLanguage":"fr-FR","potentialAction":[{"@type":"ReadAction","target":["https:\/\/www.retaildetail.be\/fr\/a-propos-de-nous\/"]}]},{"@type":"ImageObject","inLanguage":"fr-FR","@id":"https:\/\/www.retaildetail.be\/fr\/a-propos-de-nous\/#primaryimage","url":"https:\/\/www.retaildetail.be\/wp-content\/uploads\/2022\/05\/VDH_2345-1024x683.jpg","contentUrl":"https:\/\/www.retaildetail.be\/wp-content\/uploads\/2022\/05\/VDH_2345-1024x683.jpg"},{"@type":"BreadcrumbList","@id":"https:\/\/www.retaildetail.be\/fr\/a-propos-de-nous\/#breadcrumb","itemListElement":[{"@type":"ListItem","position":1,"name":"Home","item":"https:\/\/www.retaildetail.be\/fr\/"},{"@type":"ListItem","position":2,"name":"\u00c0 propos de nous"}]},{"@type":"WebSite","@id":"https:\/\/www.retaildetail.be\/nl\/#website","url":"https:\/\/www.retaildetail.be\/nl\/","name":"RetailDetail BE","description":"News","publisher":{"@id":"https:\/\/www.retaildetail.be\/nl\/#organization"},"potentialAction":[{"@type":"SearchAction","target":{"@type":"EntryPoint","urlTemplate":"https:\/\/www.retaildetail.be\/nl\/?s={search_term_string}"},"query-input":{"@type":"PropertyValueSpecification","valueRequired":true,"valueName":"search_term_string"}}],"inLanguage":"fr-FR"},{"@type":"Organization","@id":"https:\/\/www.retaildetail.be\/nl\/#organization","name":"RetailDetail BE","url":"https:\/\/www.retaildetail.be\/nl\/","logo":{"@type":"ImageObject","inLanguage":"fr-FR","@id":"https:\/\/www.retaildetail.be\/nl\/#\/schema\/logo\/image\/","url":"https:\/\/www.retaildetail.be\/wp-content\/uploads\/2022\/04\/logo.svg","contentUrl":"https:\/\/www.retaildetail.be\/wp-content\/uploads\/2022\/04\/logo.svg","width":131,"height":70,"caption":"RetailDetail BE"},"image":{"@id":"https:\/\/www.retaildetail.be\/nl\/#\/schema\/logo\/image\/"}}]}},"jetpack_sharing_enabled":true,"_links":{"self":[{"href":"https:\/\/www.retaildetail.be\/fr\/wp-json\/wp\/v2\/pages\/25","targetHints":{"allow":["GET"]}}],"collection":[{"href":"https:\/\/www.retaildetail.be\/fr\/wp-json\/wp\/v2\/pages"}],"about":[{"href":"https:\/\/www.retaildetail.be\/fr\/wp-json\/wp\/v2\/types\/page"}],"author":[{"embeddable":true,"href":"https:\/\/www.retaildetail.be\/fr\/wp-json\/wp\/v2\/users\/1"}],"replies":[{"embeddable":true,"href":"https:\/\/www.retaildetail.be\/fr\/wp-json\/wp\/v2\/comments?post=25"}],"version-history":[{"count":14,"href":"https:\/\/www.retaildetail.be\/fr\/wp-json\/wp\/v2\/pages\/25\/revisions"}],"predecessor-version":[{"id":140207,"href":"https:\/\/www.retaildetail.be\/fr\/wp-json\/wp\/v2\/pages\/25\/revisions\/140207"}],"wp:attachment":[{"href":"https:\/\/www.retaildetail.be\/fr\/wp-json\/wp\/v2\/media?parent=25"}],"curies":[{"name":"wp","href":"https:\/\/api.w.org\/{rel}","templated":true}]}}