{"id":66899,"date":"2022-11-12T20:21:03","date_gmt":"2022-11-12T19:21:03","guid":{"rendered":"https:\/\/www.retaildetail.be\/?page_id=66899"},"modified":"2022-11-12T20:22:18","modified_gmt":"2022-11-12T19:22:18","slug":"quelle-est-la-force-de-votre-marque-avec-le-brandasset-valuator-vous-le-savez-avec-certitute","status":"publish","type":"page","link":"https:\/\/www.retaildetail.be\/fr\/quelle-est-la-force-de-votre-marque-avec-le-brandasset-valuator-vous-le-savez-avec-certitute\/","title":{"rendered":"Quelle est la force de votre marque? Avec le BrandAsset Valuator, vous le savez avec certitute!"},"content":{"rendered":"\n<h2 class=\"wp-block-heading\">Commandez votre rapport de marque \u00e0 partir de 4.900 \u20ac!<\/h2>\n\n\n\n<h3 class=\"wp-block-heading\">Commandez votre rapport de marque ! Exclusivement chez Retail Detail.<\/h3>\n\n\n\n<figure class=\"wp-block-image size-large\"><img loading=\"lazy\" decoding=\"async\" width=\"1024\" height=\"198\" src=\"https:\/\/www.retaildetail.be\/wp-content\/uploads\/2022\/11\/WPPG-2200004_1290x250-F1_FR-1024x198.jpg\" alt=\"\" class=\"wp-image-66900\" srcset=\"https:\/\/www.retaildetail.be\/wp-content\/uploads\/2022\/11\/WPPG-2200004_1290x250-F1_FR-1024x198.jpg 1024w, https:\/\/www.retaildetail.be\/wp-content\/uploads\/2022\/11\/WPPG-2200004_1290x250-F1_FR-300x58.jpg 300w, https:\/\/www.retaildetail.be\/wp-content\/uploads\/2022\/11\/WPPG-2200004_1290x250-F1_FR-768x149.jpg 768w, https:\/\/www.retaildetail.be\/wp-content\/uploads\/2022\/11\/WPPG-2200004_1290x250-F1_FR.jpg 1290w\" sizes=\"auto, (max-width: 1024px) 100vw, 1024px\" \/><\/figure>\n\n\n\n<p>Vous avez d\u00e9j\u00e0 trouv\u00e9 la faille dans le march\u00e9 ? Ou bien les relations avec vos consommateurs ne sont-elles pas vraiment au beau fixe ? Avec le BrandAsset Valuator \u2013 BAV en abr\u00e9g\u00e9 -, vous apprendrez tout sur les marques, les consommateurs, les tendances du march\u00e9 et bien plus encore. En outre, notre rapport complet vous indique la force r\u00e9elle de votre marque sur le march\u00e9. Ou la quantit\u00e9 de travail qui reste \u00e0 faire.<\/p>\n\n\n\n<h3 class=\"wp-block-heading\"><strong><strong>Le BAV et Retail Detail unissent leurs forces.<\/strong><\/strong><\/h3>\n\n\n\n<p>Qu\u2019est-ce que le BAV propose exactement ? Des informations cl\u00e9s sur les marques et les consommateurs pour les d\u00e9taillants locaux et internationaux. Et des r\u00e9ponses \u00e0 des questions telles que :<\/p>\n\n\n\n<ul class=\"wp-block-list\"><li>Quelle est la force\/faiblesse de ma marque ?<\/li><\/ul>\n\n\n\n<p>Et aupr\u00e8s de quels groupes-cibles ?<\/p>\n\n\n\n<ul class=\"wp-block-list\"><li>O\u00f9 se trouve ma marque dans le PowerGrid ?<\/li><li>Quelles associations ma marque \u00e9voque-t-elle ?<\/li><\/ul>\n\n\n\n<p>Et que pensent les consommateurs\/clients de ma marque ?<\/p>\n\n\n\n<ul class=\"wp-block-list\"><li>Comment se portent mes principaux concurrents dans le secteur ?<\/li><li>Et bien plus encore &#8230;<\/li><\/ul>\n\n\n\n<figure class=\"wp-block-image size-large\"><img loading=\"lazy\" decoding=\"async\" width=\"1024\" height=\"198\" src=\"https:\/\/www.retaildetail.be\/wp-content\/uploads\/2022\/11\/WPPG-2200004_1290x250-F2_FR-1024x198.jpg\" alt=\"\" class=\"wp-image-66902\" srcset=\"https:\/\/www.retaildetail.be\/wp-content\/uploads\/2022\/11\/WPPG-2200004_1290x250-F2_FR-1024x198.jpg 1024w, https:\/\/www.retaildetail.be\/wp-content\/uploads\/2022\/11\/WPPG-2200004_1290x250-F2_FR-300x58.jpg 300w, https:\/\/www.retaildetail.be\/wp-content\/uploads\/2022\/11\/WPPG-2200004_1290x250-F2_FR-768x149.jpg 768w, https:\/\/www.retaildetail.be\/wp-content\/uploads\/2022\/11\/WPPG-2200004_1290x250-F2_FR.jpg 1290w\" sizes=\"auto, (max-width: 1024px) 100vw, 1024px\" \/><\/figure>\n\n\n\n<h3 class=\"wp-block-heading\"><strong><strong>De cette fa\u00e7on, vous \u00eates \u00e0 l\u2019aise avec toutes les marques<\/strong><\/strong><\/h3>\n\n\n\n<p>Vous voulez en savoir plus sur votre marque, votre march\u00e9 et vos concurrents ? T\u00e9l\u00e9chargez l\u2019exemple de rapport ici. Et pour seulement 4.900 \u20ac, vous b\u00e9n\u00e9ficiez d\u2019une analyse compl\u00e8te et sur mesure.<\/p>\n\n\n\n<h5 class=\"wp-block-heading\"><strong>Demandez votre rapport sur votre marque personnelle via le formulaire de contact ci-dessous.<\/strong><\/h5>\n\n\n\n<script charset=\"utf-8\" type=\"text\/javascript\" src=\"\/\/js.hsforms.net\/forms\/embed\/v2.js\"><\/script>\n<script>\n  hbspt.forms.create({\n    region: \"na1\",\n    portalId: \"20369984\",\n    formId: \"a4eefc19-8266-414f-a57e-0d35101658d3\"\n  });\n<\/script>\n\n\n\n<p>Merci pour votre int\u00e9r\u00eat !<br>Notre expert BAV Consult vous r\u00e9pondra dans les plus brefs d\u00e9lais.<\/p>\n\n\n\n<h3 class=\"wp-block-heading\"><strong><strong>Le BAV, c\u2019est quoi au juste ?<\/strong><\/strong><\/h3>\n\n\n\n<p>Le BrandAsset Valuator (BAV) est un <strong>outil de diagnostic de marque de WPP Belgium<\/strong>. \u00c0 ce jour, nous sommes <strong>l\u2019outil d\u2019\u00e9tude empirique des consommateurs<\/strong> le plus ancien et le plus complet au monde, avec pr\u00e8s de <strong>14 milliards de points de donn\u00e9es<\/strong> provenant de <strong>50 march\u00e9s diff\u00e9rents<\/strong>.&nbsp; En utilisant cette \u00e9norme base de donn\u00e9es, nous d\u00e9terminons la valeur per\u00e7ue, la fr\u00e9quence d\u2019utilisation et la pr\u00e9f\u00e9rence des consommateurs pour <strong>plus de 57.000 marques<\/strong>.<\/p>\n\n\n\n<p>Plus d\u2019infos sur BAV Belgium? Vous en trouverez <u><a href=\"https:\/\/wppbav.com\/belgium-external\/\">ici<\/a><\/u>.<\/p>\n\n\n\n<h3 class=\"wp-block-heading\"><strong><strong>Qu\u2019est-ce qui rend le BAV si unique <\/strong><\/strong>?<\/h3>\n\n\n\n<p>Contrairement \u00e0 d\u2019autres outils, vous pouvez comparer toutes les marques sur une base <a>similiair<\/a>e. En outre, vous pouvez comparer votre marque \u00e0 d\u2019autres marques sur le march\u00e9. La comparaison est \u00e9galement toujours effectu\u00e9e de mani\u00e8re coh\u00e9rente, ind\u00e9pendamment du lieu et du moment. L\u2019outil teste chaque marque sur les m\u00eames piliers de valeur et d\u2019image. La comparaison reste ainsi tr\u00e8s pr\u00e9cise.<\/p>\n\n\n\n<p>Parall\u00e8lement, les d\u00e9taillants ont une vision claire et globale des tendances culturelles. Cela vous permet de savoir o\u00f9 se situe votre marque dans le paysage des marques et quelles tendances du march\u00e9 trouvent un \u00e9cho aupr\u00e8s de vos consommateurs.<\/p>\n\n\n\n<p>D<a href=\"https:\/\/wppbav.com\/what-bav-can-do-for-you\/\">\u00e9couvrez ce que le BAV peut faire pour votre marque.<\/a><\/p>\n\n\n\n<p><a id=\"_msocom_1\"><\/a><\/p>\n","protected":false},"excerpt":{"rendered":"<p>Commandez votre rapport de marque \u00e0 partir de 4.900 \u20ac! Commandez votre rapport de marque ! Exclusivement chez Retail Detail. Vous avez d\u00e9j\u00e0 trouv\u00e9 la faille dans le march\u00e9 ? Ou bien les relations avec vos consommateurs ne sont-elles pas vraiment au beau fixe ? Avec le BrandAsset Valuator \u2013 BAV en abr\u00e9g\u00e9 -, vous [&hellip;]<\/p>\n","protected":false},"author":7,"featured_media":0,"parent":0,"menu_order":0,"comment_status":"closed","ping_status":"closed","template":"","meta":{"_acf_changed":false,"inline_featured_image":false,"footnotes":""},"class_list":["post-66899","page","type-page","status-publish","hentry"],"acf":[],"yoast_head":"<!-- This site is optimized with the Yoast SEO plugin v27.3 - https:\/\/yoast.com\/product\/yoast-seo-wordpress\/ -->\n<title>Quelle est la force de votre marque? Avec le BrandAsset Valuator, vous le savez avec certitute! - RetailDetail BE<\/title>\n<meta name=\"robots\" content=\"index, follow, max-snippet:-1, max-image-preview:large, max-video-preview:-1\" \/>\n<link rel=\"canonical\" href=\"https:\/\/www.retaildetail.be\/fr\/quelle-est-la-force-de-votre-marque-avec-le-brandasset-valuator-vous-le-savez-avec-certitute\/\" \/>\n<meta property=\"og:locale\" content=\"fr_FR\" \/>\n<meta property=\"og:type\" content=\"article\" \/>\n<meta property=\"og:title\" content=\"Quelle est la force de votre marque? Avec le BrandAsset Valuator, vous le savez avec certitute! - RetailDetail BE\" \/>\n<meta property=\"og:description\" content=\"Commandez votre rapport de marque \u00e0 partir de 4.900 \u20ac! Commandez votre rapport de marque ! Exclusivement chez Retail Detail. Vous avez d\u00e9j\u00e0 trouv\u00e9 la faille dans le march\u00e9 ? Ou bien les relations avec vos consommateurs ne sont-elles pas vraiment au beau fixe ? Avec le BrandAsset Valuator \u2013 BAV en abr\u00e9g\u00e9 -, vous [&hellip;]\" \/>\n<meta property=\"og:url\" content=\"https:\/\/www.retaildetail.be\/fr\/quelle-est-la-force-de-votre-marque-avec-le-brandasset-valuator-vous-le-savez-avec-certitute\/\" \/>\n<meta property=\"og:site_name\" content=\"RetailDetail BE\" \/>\n<meta property=\"article:modified_time\" content=\"2022-11-12T19:22:18+00:00\" \/>\n<meta property=\"og:image\" content=\"https:\/\/www.retaildetail.be\/wp-content\/uploads\/2022\/11\/WPPG-2200004_1290x250-F1_FR-1024x198.jpg\" \/>\n<meta name=\"twitter:card\" content=\"summary_large_image\" \/>\n<meta name=\"twitter:label1\" content=\"Dur\u00e9e de lecture estim\u00e9e\" \/>\n\t<meta name=\"twitter:data1\" content=\"3 minutes\" \/>\n<script type=\"application\/ld+json\" class=\"yoast-schema-graph\">{\"@context\":\"https:\\\/\\\/schema.org\",\"@graph\":[{\"@type\":\"WebPage\",\"@id\":\"https:\\\/\\\/www.retaildetail.be\\\/fr\\\/quelle-est-la-force-de-votre-marque-avec-le-brandasset-valuator-vous-le-savez-avec-certitute\\\/\",\"url\":\"https:\\\/\\\/www.retaildetail.be\\\/fr\\\/quelle-est-la-force-de-votre-marque-avec-le-brandasset-valuator-vous-le-savez-avec-certitute\\\/\",\"name\":\"Quelle est la force de votre marque? Avec le BrandAsset Valuator, vous le savez avec certitute! - RetailDetail BE\",\"isPartOf\":{\"@id\":\"https:\\\/\\\/www.retaildetail.be\\\/nl\\\/#website\"},\"primaryImageOfPage\":{\"@id\":\"https:\\\/\\\/www.retaildetail.be\\\/fr\\\/quelle-est-la-force-de-votre-marque-avec-le-brandasset-valuator-vous-le-savez-avec-certitute\\\/#primaryimage\"},\"image\":{\"@id\":\"https:\\\/\\\/www.retaildetail.be\\\/fr\\\/quelle-est-la-force-de-votre-marque-avec-le-brandasset-valuator-vous-le-savez-avec-certitute\\\/#primaryimage\"},\"thumbnailUrl\":\"https:\\\/\\\/www.retaildetail.be\\\/wp-content\\\/uploads\\\/2022\\\/11\\\/WPPG-2200004_1290x250-F1_FR-1024x198.jpg\",\"datePublished\":\"2022-11-12T19:21:03+00:00\",\"dateModified\":\"2022-11-12T19:22:18+00:00\",\"breadcrumb\":{\"@id\":\"https:\\\/\\\/www.retaildetail.be\\\/fr\\\/quelle-est-la-force-de-votre-marque-avec-le-brandasset-valuator-vous-le-savez-avec-certitute\\\/#breadcrumb\"},\"inLanguage\":\"fr-FR\",\"potentialAction\":[{\"@type\":\"ReadAction\",\"target\":[\"https:\\\/\\\/www.retaildetail.be\\\/fr\\\/quelle-est-la-force-de-votre-marque-avec-le-brandasset-valuator-vous-le-savez-avec-certitute\\\/\"]}]},{\"@type\":\"ImageObject\",\"inLanguage\":\"fr-FR\",\"@id\":\"https:\\\/\\\/www.retaildetail.be\\\/fr\\\/quelle-est-la-force-de-votre-marque-avec-le-brandasset-valuator-vous-le-savez-avec-certitute\\\/#primaryimage\",\"url\":\"https:\\\/\\\/www.retaildetail.be\\\/wp-content\\\/uploads\\\/2022\\\/11\\\/WPPG-2200004_1290x250-F1_FR-1024x198.jpg\",\"contentUrl\":\"https:\\\/\\\/www.retaildetail.be\\\/wp-content\\\/uploads\\\/2022\\\/11\\\/WPPG-2200004_1290x250-F1_FR-1024x198.jpg\"},{\"@type\":\"BreadcrumbList\",\"@id\":\"https:\\\/\\\/www.retaildetail.be\\\/fr\\\/quelle-est-la-force-de-votre-marque-avec-le-brandasset-valuator-vous-le-savez-avec-certitute\\\/#breadcrumb\",\"itemListElement\":[{\"@type\":\"ListItem\",\"position\":1,\"name\":\"Home\",\"item\":\"https:\\\/\\\/www.retaildetail.be\\\/fr\\\/\"},{\"@type\":\"ListItem\",\"position\":2,\"name\":\"Quelle est la force de votre marque? Avec le BrandAsset Valuator, vous le savez avec certitute!\"}]},{\"@type\":\"WebSite\",\"@id\":\"https:\\\/\\\/www.retaildetail.be\\\/nl\\\/#website\",\"url\":\"https:\\\/\\\/www.retaildetail.be\\\/nl\\\/\",\"name\":\"RetailDetail BE\",\"description\":\"News\",\"publisher\":{\"@id\":\"https:\\\/\\\/www.retaildetail.be\\\/nl\\\/#organization\"},\"potentialAction\":[{\"@type\":\"SearchAction\",\"target\":{\"@type\":\"EntryPoint\",\"urlTemplate\":\"https:\\\/\\\/www.retaildetail.be\\\/nl\\\/?s={search_term_string}\"},\"query-input\":{\"@type\":\"PropertyValueSpecification\",\"valueRequired\":true,\"valueName\":\"search_term_string\"}}],\"inLanguage\":\"fr-FR\"},{\"@type\":\"Organization\",\"@id\":\"https:\\\/\\\/www.retaildetail.be\\\/nl\\\/#organization\",\"name\":\"RetailDetail BE\",\"url\":\"https:\\\/\\\/www.retaildetail.be\\\/nl\\\/\",\"logo\":{\"@type\":\"ImageObject\",\"inLanguage\":\"fr-FR\",\"@id\":\"https:\\\/\\\/www.retaildetail.be\\\/nl\\\/#\\\/schema\\\/logo\\\/image\\\/\",\"url\":\"https:\\\/\\\/www.retaildetail.be\\\/wp-content\\\/uploads\\\/2022\\\/04\\\/logo.svg\",\"contentUrl\":\"https:\\\/\\\/www.retaildetail.be\\\/wp-content\\\/uploads\\\/2022\\\/04\\\/logo.svg\",\"width\":131,\"height\":70,\"caption\":\"RetailDetail BE\"},\"image\":{\"@id\":\"https:\\\/\\\/www.retaildetail.be\\\/nl\\\/#\\\/schema\\\/logo\\\/image\\\/\"}}]}<\/script>\n<!-- \/ Yoast SEO plugin. -->","yoast_head_json":{"title":"Quelle est la force de votre marque? Avec le BrandAsset Valuator, vous le savez avec certitute! - RetailDetail BE","robots":{"index":"index","follow":"follow","max-snippet":"max-snippet:-1","max-image-preview":"max-image-preview:large","max-video-preview":"max-video-preview:-1"},"canonical":"https:\/\/www.retaildetail.be\/fr\/quelle-est-la-force-de-votre-marque-avec-le-brandasset-valuator-vous-le-savez-avec-certitute\/","og_locale":"fr_FR","og_type":"article","og_title":"Quelle est la force de votre marque? Avec le BrandAsset Valuator, vous le savez avec certitute! - RetailDetail BE","og_description":"Commandez votre rapport de marque \u00e0 partir de 4.900 \u20ac! Commandez votre rapport de marque ! Exclusivement chez Retail Detail. Vous avez d\u00e9j\u00e0 trouv\u00e9 la faille dans le march\u00e9 ? Ou bien les relations avec vos consommateurs ne sont-elles pas vraiment au beau fixe ? Avec le BrandAsset Valuator \u2013 BAV en abr\u00e9g\u00e9 -, vous [&hellip;]","og_url":"https:\/\/www.retaildetail.be\/fr\/quelle-est-la-force-de-votre-marque-avec-le-brandasset-valuator-vous-le-savez-avec-certitute\/","og_site_name":"RetailDetail BE","article_modified_time":"2022-11-12T19:22:18+00:00","og_image":[{"url":"https:\/\/www.retaildetail.be\/wp-content\/uploads\/2022\/11\/WPPG-2200004_1290x250-F1_FR-1024x198.jpg","type":"","width":"","height":""}],"twitter_card":"summary_large_image","twitter_misc":{"Dur\u00e9e de lecture estim\u00e9e":"3 minutes"},"schema":{"@context":"https:\/\/schema.org","@graph":[{"@type":"WebPage","@id":"https:\/\/www.retaildetail.be\/fr\/quelle-est-la-force-de-votre-marque-avec-le-brandasset-valuator-vous-le-savez-avec-certitute\/","url":"https:\/\/www.retaildetail.be\/fr\/quelle-est-la-force-de-votre-marque-avec-le-brandasset-valuator-vous-le-savez-avec-certitute\/","name":"Quelle est la force de votre marque? Avec le BrandAsset Valuator, vous le savez avec certitute! - RetailDetail BE","isPartOf":{"@id":"https:\/\/www.retaildetail.be\/nl\/#website"},"primaryImageOfPage":{"@id":"https:\/\/www.retaildetail.be\/fr\/quelle-est-la-force-de-votre-marque-avec-le-brandasset-valuator-vous-le-savez-avec-certitute\/#primaryimage"},"image":{"@id":"https:\/\/www.retaildetail.be\/fr\/quelle-est-la-force-de-votre-marque-avec-le-brandasset-valuator-vous-le-savez-avec-certitute\/#primaryimage"},"thumbnailUrl":"https:\/\/www.retaildetail.be\/wp-content\/uploads\/2022\/11\/WPPG-2200004_1290x250-F1_FR-1024x198.jpg","datePublished":"2022-11-12T19:21:03+00:00","dateModified":"2022-11-12T19:22:18+00:00","breadcrumb":{"@id":"https:\/\/www.retaildetail.be\/fr\/quelle-est-la-force-de-votre-marque-avec-le-brandasset-valuator-vous-le-savez-avec-certitute\/#breadcrumb"},"inLanguage":"fr-FR","potentialAction":[{"@type":"ReadAction","target":["https:\/\/www.retaildetail.be\/fr\/quelle-est-la-force-de-votre-marque-avec-le-brandasset-valuator-vous-le-savez-avec-certitute\/"]}]},{"@type":"ImageObject","inLanguage":"fr-FR","@id":"https:\/\/www.retaildetail.be\/fr\/quelle-est-la-force-de-votre-marque-avec-le-brandasset-valuator-vous-le-savez-avec-certitute\/#primaryimage","url":"https:\/\/www.retaildetail.be\/wp-content\/uploads\/2022\/11\/WPPG-2200004_1290x250-F1_FR-1024x198.jpg","contentUrl":"https:\/\/www.retaildetail.be\/wp-content\/uploads\/2022\/11\/WPPG-2200004_1290x250-F1_FR-1024x198.jpg"},{"@type":"BreadcrumbList","@id":"https:\/\/www.retaildetail.be\/fr\/quelle-est-la-force-de-votre-marque-avec-le-brandasset-valuator-vous-le-savez-avec-certitute\/#breadcrumb","itemListElement":[{"@type":"ListItem","position":1,"name":"Home","item":"https:\/\/www.retaildetail.be\/fr\/"},{"@type":"ListItem","position":2,"name":"Quelle est la force de votre marque? Avec le BrandAsset Valuator, vous le savez avec certitute!"}]},{"@type":"WebSite","@id":"https:\/\/www.retaildetail.be\/nl\/#website","url":"https:\/\/www.retaildetail.be\/nl\/","name":"RetailDetail BE","description":"News","publisher":{"@id":"https:\/\/www.retaildetail.be\/nl\/#organization"},"potentialAction":[{"@type":"SearchAction","target":{"@type":"EntryPoint","urlTemplate":"https:\/\/www.retaildetail.be\/nl\/?s={search_term_string}"},"query-input":{"@type":"PropertyValueSpecification","valueRequired":true,"valueName":"search_term_string"}}],"inLanguage":"fr-FR"},{"@type":"Organization","@id":"https:\/\/www.retaildetail.be\/nl\/#organization","name":"RetailDetail BE","url":"https:\/\/www.retaildetail.be\/nl\/","logo":{"@type":"ImageObject","inLanguage":"fr-FR","@id":"https:\/\/www.retaildetail.be\/nl\/#\/schema\/logo\/image\/","url":"https:\/\/www.retaildetail.be\/wp-content\/uploads\/2022\/04\/logo.svg","contentUrl":"https:\/\/www.retaildetail.be\/wp-content\/uploads\/2022\/04\/logo.svg","width":131,"height":70,"caption":"RetailDetail BE"},"image":{"@id":"https:\/\/www.retaildetail.be\/nl\/#\/schema\/logo\/image\/"}}]}},"jetpack_sharing_enabled":true,"_links":{"self":[{"href":"https:\/\/www.retaildetail.be\/fr\/wp-json\/wp\/v2\/pages\/66899","targetHints":{"allow":["GET"]}}],"collection":[{"href":"https:\/\/www.retaildetail.be\/fr\/wp-json\/wp\/v2\/pages"}],"about":[{"href":"https:\/\/www.retaildetail.be\/fr\/wp-json\/wp\/v2\/types\/page"}],"author":[{"embeddable":true,"href":"https:\/\/www.retaildetail.be\/fr\/wp-json\/wp\/v2\/users\/7"}],"replies":[{"embeddable":true,"href":"https:\/\/www.retaildetail.be\/fr\/wp-json\/wp\/v2\/comments?post=66899"}],"version-history":[{"count":3,"href":"https:\/\/www.retaildetail.be\/fr\/wp-json\/wp\/v2\/pages\/66899\/revisions"}],"predecessor-version":[{"id":66906,"href":"https:\/\/www.retaildetail.be\/fr\/wp-json\/wp\/v2\/pages\/66899\/revisions\/66906"}],"wp:attachment":[{"href":"https:\/\/www.retaildetail.be\/fr\/wp-json\/wp\/v2\/media?parent=66899"}],"curies":[{"name":"wp","href":"https:\/\/api.w.org\/{rel}","templated":true}]}}