{"id":72012,"date":"2023-02-07T12:40:03","date_gmt":"2023-02-07T11:40:03","guid":{"rendered":"https:\/\/www.retaildetail.be\/?page_id=72012"},"modified":"2025-06-26T20:39:37","modified_gmt":"2025-06-26T18:39:37","slug":"newsletter","status":"publish","type":"page","link":"https:\/\/www.retaildetail.be\/fr\/newsletter\/","title":{"rendered":"Newsletter"},"content":{"rendered":"<p><script>var fm = function () { return { load: function () { var e = document, t = e.getElementById(\"iframe_flxml_form\"), n = e.getElementById(\"flx-styles\"), r = n ? n.innerHTML : \"\"; t ? t.contentWindow.postMessage(r, \"https:\/\/return.flexmail.eu\") : alert(\"Flexmail: Frame not found!\") } } }()<\/script><\/p>\n<style id=\"flx-styles\">\nbody{font-family: -apple-system, BlinkMacSystemFont, \"SegoeUI\", Arial, sans-serif;font-size: 1em;line-height: 1.5;overflow-y: scroll;min-height: 100%;text-rendering: optimizeLegibility;-webkit-font-feature-settings: 'kern';font-feature-settings: 'kern';-webkit-font-smoothing: antialiased;-webkit-overflow-scrolling: touch;margin-left: 0px;margin-top: 0px;margin-right: 0px;margin-bottom: 0px;padding-top: 0;background-color: #f9f9f9;}<br \/>\nh3{font-weight:bold;font-size:18px;color: #333333;}<br \/>\np{margin-bottom: 12px;margin-top: 12px;}<br \/>\ntable {position: relative;color: #434343;border-radius: 4px;background-color: #f9f9f9;}<br \/>\na{color: #2C00AC;text-decoration: none;}<br \/>\na:hover{color: #2C00AC;text-decoration: underline;}<br \/>\ninput, button, select, textarea {font-size: 13px !important;}<br \/>\np.small {color: #999999;font-size: 10px;margin: 0;text-align: right;}<br \/>\ndiv.main-container{background-color: #f9f9f9;padding: 20px;}<br \/>\n<\/style>\n<h3>inscription<\/h3>\n<p>Souhaitez-vous rester inform\u00e9?<br \/>\nAlors abonnez-vous \u00e0 notre newsletter ci-dessous<\/p>\n<p><iframe loading=\"lazy\" id=\"iframe_flxml_form\" onload=\"javascript: fm.load();\" src=\"https:\/\/return.flexmail.eu\/page\/opt-in-form\/eyJ0eXAiOiJKV1QiLCJhbGciOiJFZERTQSJ9.eyJzdWIiOiJyZXR1cm4vb3B0LWluIiwiaWF0IjoxNzUwOTYzMTA4LjM0MTQxOCwiYWlkIjozMTIxMSwib3B0ZnBrIjoiMjQyOTg4YTQzMmQ0NmJmZjQ4NDZhMWU5MmY0ZDg4NmNhM2NkZiJ9.ALFA-zFPsPLdG5fJMo_gSTz8f11derN6uXX1ZbTO7S8pt1u9Ikk83TMLsd4GVzM2D3TPoYsPH_O0wa2ifeJDBA\" frameborder=\"0\" scrolling=\"no\" style=\"overflow:hidden;height:420px;width:100%\" height=\"100%\" width=\"100%\"><\/iframe><br \/>\n<i>RetailDetail publie \u00e9galement des sites web dans d&rsquo;autres langues, avec leurs propres newsletters.<\/i><\/p>\n","protected":false},"excerpt":{"rendered":"<p>inscription Souhaitez-vous rester inform\u00e9? Alors abonnez-vous \u00e0 notre newsletter ci-dessous RetailDetail publie \u00e9galement des sites web dans d&rsquo;autres langues, avec leurs propres newsletters.<\/p>\n","protected":false},"author":16,"featured_media":0,"parent":0,"menu_order":0,"comment_status":"closed","ping_status":"closed","template":"","meta":{"_acf_changed":false,"inline_featured_image":false,"footnotes":""},"class_list":["post-72012","page","type-page","status-publish","hentry"],"acf":[],"yoast_head":"<!-- This site is optimized with the Yoast SEO plugin v27.3 - https:\/\/yoast.com\/product\/yoast-seo-wordpress\/ -->\n<title>Newsletter - RetailDetail BE<\/title>\n<meta name=\"robots\" content=\"index, follow, max-snippet:-1, max-image-preview:large, max-video-preview:-1\" \/>\n<link rel=\"canonical\" href=\"https:\/\/www.retaildetail.be\/fr\/newsletter\/\" \/>\n<meta property=\"og:locale\" content=\"fr_FR\" \/>\n<meta property=\"og:type\" content=\"article\" \/>\n<meta property=\"og:title\" content=\"Newsletter - RetailDetail BE\" \/>\n<meta property=\"og:description\" content=\"inscription Souhaitez-vous rester inform\u00e9? Alors abonnez-vous \u00e0 notre newsletter ci-dessous RetailDetail publie \u00e9galement des sites web dans d&rsquo;autres langues, avec leurs propres newsletters.\" \/>\n<meta property=\"og:url\" content=\"https:\/\/www.retaildetail.be\/fr\/newsletter\/\" \/>\n<meta property=\"og:site_name\" content=\"RetailDetail BE\" \/>\n<meta property=\"article:modified_time\" content=\"2025-06-26T18:39:37+00:00\" \/>\n<meta name=\"twitter:card\" content=\"summary_large_image\" \/>\n<meta name=\"twitter:label1\" content=\"Dur\u00e9e de lecture estim\u00e9e\" \/>\n\t<meta name=\"twitter:data1\" content=\"1 minute\" \/>\n<script type=\"application\/ld+json\" class=\"yoast-schema-graph\">{\"@context\":\"https:\\\/\\\/schema.org\",\"@graph\":[{\"@type\":\"WebPage\",\"@id\":\"https:\\\/\\\/www.retaildetail.be\\\/fr\\\/newsletter\\\/\",\"url\":\"https:\\\/\\\/www.retaildetail.be\\\/fr\\\/newsletter\\\/\",\"name\":\"Newsletter - RetailDetail BE\",\"isPartOf\":{\"@id\":\"https:\\\/\\\/www.retaildetail.be\\\/nl\\\/#website\"},\"datePublished\":\"2023-02-07T11:40:03+00:00\",\"dateModified\":\"2025-06-26T18:39:37+00:00\",\"breadcrumb\":{\"@id\":\"https:\\\/\\\/www.retaildetail.be\\\/fr\\\/newsletter\\\/#breadcrumb\"},\"inLanguage\":\"fr-FR\",\"potentialAction\":[{\"@type\":\"ReadAction\",\"target\":[\"https:\\\/\\\/www.retaildetail.be\\\/fr\\\/newsletter\\\/\"]}]},{\"@type\":\"BreadcrumbList\",\"@id\":\"https:\\\/\\\/www.retaildetail.be\\\/fr\\\/newsletter\\\/#breadcrumb\",\"itemListElement\":[{\"@type\":\"ListItem\",\"position\":1,\"name\":\"Home\",\"item\":\"https:\\\/\\\/www.retaildetail.be\\\/fr\\\/\"},{\"@type\":\"ListItem\",\"position\":2,\"name\":\"Newsletter\"}]},{\"@type\":\"WebSite\",\"@id\":\"https:\\\/\\\/www.retaildetail.be\\\/nl\\\/#website\",\"url\":\"https:\\\/\\\/www.retaildetail.be\\\/nl\\\/\",\"name\":\"RetailDetail BE\",\"description\":\"News\",\"publisher\":{\"@id\":\"https:\\\/\\\/www.retaildetail.be\\\/nl\\\/#organization\"},\"potentialAction\":[{\"@type\":\"SearchAction\",\"target\":{\"@type\":\"EntryPoint\",\"urlTemplate\":\"https:\\\/\\\/www.retaildetail.be\\\/nl\\\/?s={search_term_string}\"},\"query-input\":{\"@type\":\"PropertyValueSpecification\",\"valueRequired\":true,\"valueName\":\"search_term_string\"}}],\"inLanguage\":\"fr-FR\"},{\"@type\":\"Organization\",\"@id\":\"https:\\\/\\\/www.retaildetail.be\\\/nl\\\/#organization\",\"name\":\"RetailDetail BE\",\"url\":\"https:\\\/\\\/www.retaildetail.be\\\/nl\\\/\",\"logo\":{\"@type\":\"ImageObject\",\"inLanguage\":\"fr-FR\",\"@id\":\"https:\\\/\\\/www.retaildetail.be\\\/nl\\\/#\\\/schema\\\/logo\\\/image\\\/\",\"url\":\"https:\\\/\\\/www.retaildetail.be\\\/wp-content\\\/uploads\\\/2022\\\/04\\\/logo.svg\",\"contentUrl\":\"https:\\\/\\\/www.retaildetail.be\\\/wp-content\\\/uploads\\\/2022\\\/04\\\/logo.svg\",\"width\":131,\"height\":70,\"caption\":\"RetailDetail BE\"},\"image\":{\"@id\":\"https:\\\/\\\/www.retaildetail.be\\\/nl\\\/#\\\/schema\\\/logo\\\/image\\\/\"}}]}<\/script>\n<!-- \/ Yoast SEO plugin. -->","yoast_head_json":{"title":"Newsletter - RetailDetail BE","robots":{"index":"index","follow":"follow","max-snippet":"max-snippet:-1","max-image-preview":"max-image-preview:large","max-video-preview":"max-video-preview:-1"},"canonical":"https:\/\/www.retaildetail.be\/fr\/newsletter\/","og_locale":"fr_FR","og_type":"article","og_title":"Newsletter - RetailDetail BE","og_description":"inscription Souhaitez-vous rester inform\u00e9? Alors abonnez-vous \u00e0 notre newsletter ci-dessous RetailDetail publie \u00e9galement des sites web dans d&rsquo;autres langues, avec leurs propres newsletters.","og_url":"https:\/\/www.retaildetail.be\/fr\/newsletter\/","og_site_name":"RetailDetail BE","article_modified_time":"2025-06-26T18:39:37+00:00","twitter_card":"summary_large_image","twitter_misc":{"Dur\u00e9e de lecture estim\u00e9e":"1 minute"},"schema":{"@context":"https:\/\/schema.org","@graph":[{"@type":"WebPage","@id":"https:\/\/www.retaildetail.be\/fr\/newsletter\/","url":"https:\/\/www.retaildetail.be\/fr\/newsletter\/","name":"Newsletter - RetailDetail BE","isPartOf":{"@id":"https:\/\/www.retaildetail.be\/nl\/#website"},"datePublished":"2023-02-07T11:40:03+00:00","dateModified":"2025-06-26T18:39:37+00:00","breadcrumb":{"@id":"https:\/\/www.retaildetail.be\/fr\/newsletter\/#breadcrumb"},"inLanguage":"fr-FR","potentialAction":[{"@type":"ReadAction","target":["https:\/\/www.retaildetail.be\/fr\/newsletter\/"]}]},{"@type":"BreadcrumbList","@id":"https:\/\/www.retaildetail.be\/fr\/newsletter\/#breadcrumb","itemListElement":[{"@type":"ListItem","position":1,"name":"Home","item":"https:\/\/www.retaildetail.be\/fr\/"},{"@type":"ListItem","position":2,"name":"Newsletter"}]},{"@type":"WebSite","@id":"https:\/\/www.retaildetail.be\/nl\/#website","url":"https:\/\/www.retaildetail.be\/nl\/","name":"RetailDetail BE","description":"News","publisher":{"@id":"https:\/\/www.retaildetail.be\/nl\/#organization"},"potentialAction":[{"@type":"SearchAction","target":{"@type":"EntryPoint","urlTemplate":"https:\/\/www.retaildetail.be\/nl\/?s={search_term_string}"},"query-input":{"@type":"PropertyValueSpecification","valueRequired":true,"valueName":"search_term_string"}}],"inLanguage":"fr-FR"},{"@type":"Organization","@id":"https:\/\/www.retaildetail.be\/nl\/#organization","name":"RetailDetail BE","url":"https:\/\/www.retaildetail.be\/nl\/","logo":{"@type":"ImageObject","inLanguage":"fr-FR","@id":"https:\/\/www.retaildetail.be\/nl\/#\/schema\/logo\/image\/","url":"https:\/\/www.retaildetail.be\/wp-content\/uploads\/2022\/04\/logo.svg","contentUrl":"https:\/\/www.retaildetail.be\/wp-content\/uploads\/2022\/04\/logo.svg","width":131,"height":70,"caption":"RetailDetail BE"},"image":{"@id":"https:\/\/www.retaildetail.be\/nl\/#\/schema\/logo\/image\/"}}]}},"jetpack_sharing_enabled":true,"_links":{"self":[{"href":"https:\/\/www.retaildetail.be\/fr\/wp-json\/wp\/v2\/pages\/72012","targetHints":{"allow":["GET"]}}],"collection":[{"href":"https:\/\/www.retaildetail.be\/fr\/wp-json\/wp\/v2\/pages"}],"about":[{"href":"https:\/\/www.retaildetail.be\/fr\/wp-json\/wp\/v2\/types\/page"}],"author":[{"embeddable":true,"href":"https:\/\/www.retaildetail.be\/fr\/wp-json\/wp\/v2\/users\/16"}],"replies":[{"embeddable":true,"href":"https:\/\/www.retaildetail.be\/fr\/wp-json\/wp\/v2\/comments?post=72012"}],"version-history":[{"count":3,"href":"https:\/\/www.retaildetail.be\/fr\/wp-json\/wp\/v2\/pages\/72012\/revisions"}],"predecessor-version":[{"id":121353,"href":"https:\/\/www.retaildetail.be\/fr\/wp-json\/wp\/v2\/pages\/72012\/revisions\/121353"}],"wp:attachment":[{"href":"https:\/\/www.retaildetail.be\/fr\/wp-json\/wp\/v2\/media?parent=72012"}],"curies":[{"name":"wp","href":"https:\/\/api.w.org\/{rel}","templated":true}]}}